{"id":1718,"date":"2025-08-23T03:10:48","date_gmt":"2025-08-23T03:10:48","guid":{"rendered":"https:\/\/centromedicoixtlahuaca.com\/noticias\/home\/"},"modified":"2025-12-26T03:53:29","modified_gmt":"2025-12-26T03:53:29","slug":"home","status":"publish","type":"page","link":"https:\/\/centromedicoixtlahuaca.com\/noticias\/","title":{"rendered":"Home"},"content":{"rendered":"\n<div class=\"wp-block-uagb-container uagb-block-6c959d0c alignfull uagb-is-root-container\"><div class=\"uagb-container-inner-blocks-wrap\">\n<div class=\"wp-block-uagb-container uagb-block-b8120650\">\n<div class=\"wp-block-uagb-info-box uagb-block-c9855d8e uagb-infobox__content-wrap  uagb-infobox-icon-above-title uagb-infobox-image-valign-top wp-block-uagb-info-box--has-margin\"><div class=\"uagb-infobox-margin-wrapper\"><div class=\"uagb-ifb-content\"><div class=\"uagb-ifb-title-wrap\"><h5 class=\"uagb-ifb-title-prefix\">Centro M\u00e9dico Ixtlahuaca<\/h5><h2 class=\"uagb-ifb-title\">Eventos y Noticias<\/h2><\/div><p class=\"uagb-ifb-desc\">Conoce las \u00faltimas noticias y eventos que tenemos para ti.<\/p><\/div><\/div><\/div>\n\n\n\n\n\n<div class=\"wp-block-uagb-buttons uagb-buttons__outer-wrap uagb-btn__default-btn uagb-btn-tablet__default-btn uagb-btn-mobile__default-btn uagb-block-e9fb9470\"><div class=\"uagb-buttons__wrap uagb-buttons-layout-wrap \">\n<div class=\"wp-block-uagb-buttons-child uagb-buttons__outer-wrap uagb-block-623a3916 wp-block-button\"><div class=\"uagb-button__wrapper\"><a class=\"uagb-buttons-repeater wp-block-button__link\" aria-label=\"\" href=\"#\" rel=\"follow noopener\" target=\"_self\" role=\"button\"><div class=\"uagb-button__link\">Ver Noticias<\/div><\/a><\/div><\/div>\n\n\n\n<div class=\"wp-block-uagb-buttons-child uagb-buttons__outer-wrap uagb-block-890ef480 wp-block-button\"><div class=\"uagb-button__wrapper\"><a class=\"uagb-buttons-repeater wp-block-button__link\" aria-label=\"\" href=\"https:\/\/centromedicoixtlahuaca.com\/noticias\/category\/especialistas\/\" rel=\"follow noopener\" target=\"_self\" role=\"button\"><div class=\"uagb-button__link\">Ver Eventos<\/div><\/a><\/div><\/div>\n<\/div><\/div>\n<\/div>\n<\/div><\/div>\n\n\n\n<div class=\"wp-block-uagb-container uagb-block-89be074d alignfull uagb-is-root-container\"><div class=\"uagb-container-inner-blocks-wrap\">\n<div class=\"wp-block-uagb-advanced-heading uagb-block-910e4e22\"><h2 class=\"uagb-heading-text\">Categor\u00edas<\/h2><p class=\"uagb-desc-text\">Elige la Categor\u00eda que deseas para encontrar su contenido<\/p><\/div>\n\n\n\n<div class=\"wp-block-uagb-container uagb-block-2dacec1d\">\n<div class=\"wp-block-uagb-container uagb-block-556d0dff\">\n<div class=\"wp-block-uagb-advanced-heading uagb-block-4d2da12e\"><h3 class=\"uagb-heading-text\">TIPS<\/h3><\/div>\n\n\n<\/div>\n\n\n\n<div class=\"wp-block-uagb-container uagb-block-8ec7f9c7\">\n<div class=\"wp-block-uagb-advanced-heading uagb-block-ffee9702\"><h3 class=\"uagb-heading-text\">EVENTOS<\/h3><\/div>\n\n\n<\/div>\n\n\n\n<div class=\"wp-block-uagb-container uagb-block-49e4bd0a\">\n<div class=\"wp-block-uagb-advanced-heading uagb-block-2c61ed1f\"><h3 class=\"uagb-heading-text\">ESPECIALIDAD<\/h3><\/div>\n\n\n<\/div>\n\n\n\n<div class=\"wp-block-uagb-container uagb-block-c8b75c36\">\n<div class=\"wp-block-uagb-advanced-heading uagb-block-bb3c5b49\"><h3 class=\"uagb-heading-text\">CEMI<\/h3><\/div>\n\n\n<\/div>\n<\/div>\n<\/div><\/div>\n\n\n\n<div class=\"wp-block-uagb-container uagb-block-3c2b710f alignfull uagb-is-root-container\"><div class=\"uagb-container-inner-blocks-wrap\">\n<div data-aos= \"fade-left\" data-aos-duration=\"400\" data-aos-delay=\"0\" data-aos-easing=\"ease\" data-aos-once=\"true\" class=\"wp-block-uagb-advanced-heading uagb-block-48c2f920\"><h2 class=\"uagb-heading-text\">\u00daltimas Noticias<\/h2><p class=\"uagb-desc-text\">Conoce las \u00faltimas noticias y eventos en esta secci\u00f3n.<\/p><\/div>\n\n\n\n\t\t\t<div class=\"wp-block-uagb-post-grid uagb-post-grid  uagb-post__image-position-top uagb-post__image-enabled uagb-block-f59c426d     uagb-post__items uagb-post__columns-3 is-grid uagb-post__columns-tablet-2 uagb-post__columns-mobile-1 uagb-post__equal-height\" data-total=\"1\" style=\"\">\n\n\t\t\t\t\t\t\t\t\t\t\t\t<article class=\"uagb-post__inner-wrap\">\t\t\t\t\t\t\t\t<h4 class=\"uagb-post__title uagb-post__text\">\n\t\t\t\t<a href=\"https:\/\/centromedicoixtlahuaca.com\/noticias\/xix-curso-de-diabetes-para-pacientes-y-familiares\/\" target=\"_self\" rel=\"bookmark noopener noreferrer\">XIX CURSO DE DIABETES PARA PACIENTES Y FAMILIARES<\/a>\n\t\t\t<\/h4>\n\t\t\t\t\t\t<div class='uagb-post__text uagb-post-grid-byline'>\n\t\t\t\t\t\t\t\t<div class=\"uagb-post__text\">\n\t\t\t\t\t<span class='uagb-post__taxonomy'>\n\t\t\t\t\t\t\t\t\t\t\t\t<a href=\"https:\/\/centromedicoixtlahuaca.com\/noticias\/category\/eventos\/\">Eventos<\/a>,&nbsp;<a href=\"https:\/\/centromedicoixtlahuaca.com\/noticias\/category\/noticias\/\">Noticias<\/a>\t\t\t\t\t<\/span>\n\t\t\t\t<\/div>\n\t\t\t\t\t\t\t<\/div>\n\t\t\t\t\t\t\t<div class='uagb-post__text uagb-post__excerpt'>\n\t\t\t\t\t<p>\ud83e\ude7a \u00bfTe interesa aprender a prevenir y controlar la diabetes? Centro M\u00e9dico Ixtlahuaca te invita&#8230;\t\t\t\t<\/div>\n\t\t\t\t\t\t<div class=\"uagb-post__text uagb-post__cta wp-block-button\">\n\t\t\t\t<a class=\"wp-block-button__link uagb-text-link\" style=\"\" href=\"https:\/\/centromedicoixtlahuaca.com\/noticias\/xix-curso-de-diabetes-para-pacientes-y-familiares\/\" target=\"_self\" rel=\"bookmark noopener noreferrer\">Leer m\u00e1s<\/a>\n\t\t\t<\/div>\n\t\t\t\n\t\t\t\t\t\t\t\t\t<\/article>\n\t\t\t\t\t\t\t\t\t\t\t<\/div>\n\t\t\t<\/div><\/div>\n\n\n\n<div class=\"wp-block-uagb-container uagb-block-823ec0b8 alignfull uagb-is-root-container\"><div class=\"uagb-container-inner-blocks-wrap\">\n<div class=\"wp-block-uagb-container uagb-block-abd1e4ab\">\n<div class=\"wp-block-uagb-advanced-heading uagb-block-7eb2a74c\"><h3 class=\"uagb-heading-text\">Suscr\u00edbete y ent\u00e9rate de las \u00faltimas noticias<\/h3><p class=\"uagb-desc-text\">Tenemos ofertas disponibles para ti y los tuyos.<\/p><\/div>\n\n\n\n\n\n<div class=\"wp-block-uagb-forms uagb-forms__outer-wrap uagb-block-d276cdda uagb-forms__medium-btn uagb-forms-inline-field uagb-forms-button-desk-width-33  uagb-forms-button-mobile-width-100 uagb-forms-column-gap-5\"><form class=\"uagb-forms-main-form\" method=\"post\" autocomplete=\"on\" name=\"uagb-form-d276cdda\">\n<div class=\"wp-block-uagb-forms-email uagb-forms-email-wrap uagb-forms-field-set uagb-block-256e3189 uagb-forms-field-desk-width-60 uagb-forms-field-tablet-width-60 uagb-forms-field-mobile-width-100\"><div class=\"uagb-forms-email-label  uagb-forms-input-label\" id=\"256e3189\">Email<\/div><input type=\"email\" class=\"uagb-forms-email-input uagb-forms-input\" placeholder=\"Email address\" name=\"256e3189\" autocomplete=\"email\"\/><\/div>\n<div class=\"uagb-forms-form-hidden-data\"><input type=\"hidden\" class=\"uagb_forms_form_label\" value=\"Spectra Form\"\/><input type=\"hidden\" class=\"uagb_forms_form_id\" value=\"uagb-form-d276cdda\"\/><\/div><div class=\"uagb-form-reacaptcha-error-d276cdda\"><\/div><div class=\"uagb-forms-main-submit-button-wrap wp-block-button\"><button class=\"uagb-forms-main-submit-button wp-block-button__link\"><div class=\"uagb-forms-main-submit-button-text\">Suscr\u00edbete<\/div><\/button><\/div><\/form><div class=\"uagb-forms-success-message-d276cdda uagb-forms-submit-message-hide\"><span>The form has been submitted successfully!<\/span><\/div><div class=\"uagb-forms-failed-message-d276cdda uagb-forms-submit-message-hide\"><span>There has been some error while submitting the form. Please verify all form fields again.<\/span><\/div><\/div>\n<\/div>\n<\/div><\/div>\n","protected":false},"excerpt":{"rendered":"<p>Categor\u00edas Elige la Categor\u00eda que deseas para encontrar su contenido TIPS EVENTOS ESPECIALIDAD CEMI \u00daltimas Noticias Conoce las \u00faltimas noticias y eventos en esta secci\u00f3n. Suscr\u00edbete y ent\u00e9rate de las \u00faltimas noticias Tenemos ofertas disponibles para ti y los tuyos.<\/p>\n","protected":false},"author":1,"featured_media":0,"parent":0,"menu_order":0,"comment_status":"closed","ping_status":"closed","template":"","meta":{"pagelayer_contact_templates":[],"_pagelayer_content":"","_uag_custom_page_level_css":"","site-sidebar-layout":"no-sidebar","site-content-layout":"plain-container","ast-site-content-layout":"normal-width-container","site-content-style":"unboxed","site-sidebar-style":"unboxed","ast-global-header-display":"","ast-banner-title-visibility":"","ast-main-header-display":"","ast-hfb-above-header-display":"","ast-hfb-below-header-display":"","ast-hfb-mobile-header-display":"","site-post-title":"disabled","ast-breadcrumbs-content":"","ast-featured-img":"disabled","footer-sml-layout":"","ast-disable-related-posts":"","theme-transparent-header-meta":"default","adv-header-id-meta":"","stick-header-meta":"","header-above-stick-meta":"","header-main-stick-meta":"","header-below-stick-meta":"","astra-migrate-meta-layouts":"set","ast-page-background-enabled":"default","ast-page-background-meta":{"desktop":{"background-color":"","background-image":"","background-repeat":"repeat","background-position":"center center","background-size":"auto","background-attachment":"scroll","background-type":"","background-media":"","overlay-type":"","overlay-color":"","overlay-opacity":"","overlay-gradient":""},"tablet":{"background-color":"","background-image":"","background-repeat":"repeat","background-position":"center center","background-size":"auto","background-attachment":"scroll","background-type":"","background-media":"","overlay-type":"","overlay-color":"","overlay-opacity":"","overlay-gradient":""},"mobile":{"background-color":"","background-image":"","background-repeat":"repeat","background-position":"center center","background-size":"auto","background-attachment":"scroll","background-type":"","background-media":"","overlay-type":"","overlay-color":"","overlay-opacity":"","overlay-gradient":""}},"ast-content-background-meta":{"desktop":{"background-color":"var(--ast-global-color-5)","background-image":"","background-repeat":"repeat","background-position":"center center","background-size":"auto","background-attachment":"scroll","background-type":"","background-media":"","overlay-type":"","overlay-color":"","overlay-opacity":"","overlay-gradient":""},"tablet":{"background-color":"var(--ast-global-color-5)","background-image":"","background-repeat":"repeat","background-position":"center center","background-size":"auto","background-attachment":"scroll","background-type":"","background-media":"","overlay-type":"","overlay-color":"","overlay-opacity":"","overlay-gradient":""},"mobile":{"background-color":"var(--ast-global-color-5)","background-image":"","background-repeat":"repeat","background-position":"center center","background-size":"auto","background-attachment":"scroll","background-type":"","background-media":"","overlay-type":"","overlay-color":"","overlay-opacity":"","overlay-gradient":""}},"footnotes":""},"class_list":["post-1718","page","type-page","status-publish","hentry"],"uagb_featured_image_src":{"full":false,"thumbnail":false,"medium":false,"medium_large":false,"large":false,"1536x1536":false,"2048x2048":false},"uagb_author_info":{"display_name":"admin","author_link":"https:\/\/centromedicoixtlahuaca.com\/noticias\/author\/admin\/"},"uagb_comment_info":0,"uagb_excerpt":"Categor\u00edas Elige la Categor\u00eda que deseas para encontrar su contenido TIPS EVENTOS ESPECIALIDAD CEMI \u00daltimas Noticias Conoce las \u00faltimas noticias y eventos en esta secci\u00f3n. Suscr\u00edbete y ent\u00e9rate de las \u00faltimas noticias Tenemos ofertas disponibles para ti y los tuyos.","_links":{"self":[{"href":"https:\/\/centromedicoixtlahuaca.com\/noticias\/wp-json\/wp\/v2\/pages\/1718","targetHints":{"allow":["GET"]}}],"collection":[{"href":"https:\/\/centromedicoixtlahuaca.com\/noticias\/wp-json\/wp\/v2\/pages"}],"about":[{"href":"https:\/\/centromedicoixtlahuaca.com\/noticias\/wp-json\/wp\/v2\/types\/page"}],"author":[{"embeddable":true,"href":"https:\/\/centromedicoixtlahuaca.com\/noticias\/wp-json\/wp\/v2\/users\/1"}],"replies":[{"embeddable":true,"href":"https:\/\/centromedicoixtlahuaca.com\/noticias\/wp-json\/wp\/v2\/comments?post=1718"}],"version-history":[{"count":37,"href":"https:\/\/centromedicoixtlahuaca.com\/noticias\/wp-json\/wp\/v2\/pages\/1718\/revisions"}],"predecessor-version":[{"id":2513,"href":"https:\/\/centromedicoixtlahuaca.com\/noticias\/wp-json\/wp\/v2\/pages\/1718\/revisions\/2513"}],"wp:attachment":[{"href":"https:\/\/centromedicoixtlahuaca.com\/noticias\/wp-json\/wp\/v2\/media?parent=1718"}],"curies":[{"name":"wp","href":"https:\/\/api.w.org\/{rel}","templated":true}]}}